{"id":54,"date":"2023-05-31T10:41:09","date_gmt":"2023-05-31T08:41:09","guid":{"rendered":"http:\/\/preview.creaset.net\/?page_id=54"},"modified":"2024-10-30T09:30:17","modified_gmt":"2024-10-30T08:30:17","slug":"politique-de-confidentialite","status":"publish","type":"page","link":"https:\/\/www.creaset.com\/nl\/politique-de-confidentialite\/","title":{"rendered":"Privacybeleid"},"content":{"rendered":"<div data-elementor-type=\"wp-page\" data-elementor-id=\"54\" class=\"elementor elementor-54\" data-elementor-post-type=\"page\">\n\t\t\t\t<div class=\"elementor-element elementor-element-1fce8a0 e-flex e-con-boxed e-con e-parent\" data-id=\"1fce8a0\" data-element_type=\"container\">\n\t\t\t\t\t<div class=\"e-con-inner\">\n\t\t<div class=\"elementor-element elementor-element-103c7c8 e-flex e-con-boxed e-con e-child\" data-id=\"103c7c8\" data-element_type=\"container\">\n\t\t\t\t\t<div class=\"e-con-inner\">\n\t\t\t\t<div class=\"elementor-element elementor-element-33c90a7 elementor-widget elementor-widget-heading\" data-id=\"33c90a7\" data-element_type=\"widget\" data-widget_type=\"heading.default\">\n\t\t\t\t<div class=\"elementor-widget-container\">\n\t\t\t<style>\/*! elementor - v3.22.0 - 26-06-2024 *\/\n.elementor-heading-title{padding:0;margin:0;line-height:1}.elementor-widget-heading .elementor-heading-title[class*=elementor-size-]>a{color:inherit;font-size:inherit;line-height:inherit}.elementor-widget-heading .elementor-heading-title.elementor-size-small{font-size:15px}.elementor-widget-heading .elementor-heading-title.elementor-size-medium{font-size:19px}.elementor-widget-heading .elementor-heading-title.elementor-size-large{font-size:29px}.elementor-widget-heading .elementor-heading-title.elementor-size-xl{font-size:39px}.elementor-widget-heading .elementor-heading-title.elementor-size-xxl{font-size:59px}<\/style><h1 class=\"elementor-heading-title elementor-size-default\">Privacybeleid<\/h1>\t\t<\/div>\n\t\t\t\t<\/div>\n\t\t\t\t\t<\/div>\n\t\t\t\t<\/div>\n\t\t\t\t\t<\/div>\n\t\t\t\t<\/div>\n\t\t<div class=\"elementor-element elementor-element-175d945 e-flex e-con-boxed e-con e-parent\" data-id=\"175d945\" data-element_type=\"container\">\n\t\t\t\t\t<div class=\"e-con-inner\">\n\t\t<div class=\"elementor-element elementor-element-9bbfad0 e-con-full e-flex e-con e-child\" data-id=\"9bbfad0\" data-element_type=\"container\">\n\t\t\t\t<div class=\"elementor-element elementor-element-a38d3e5 elementor-widget__width-initial elementor-widget-tablet__width-inherit elementor-widget elementor-widget-text-editor\" data-id=\"a38d3e5\" data-element_type=\"widget\" data-widget_type=\"text-editor.default\">\n\t\t\t\t<div class=\"elementor-widget-container\">\n\t\t\t<style>\/*! elementor - v3.22.0 - 26-06-2024 *\/\n.elementor-widget-text-editor.elementor-drop-cap-view-stacked .elementor-drop-cap{background-color:#69727d;color:#fff}.elementor-widget-text-editor.elementor-drop-cap-view-framed .elementor-drop-cap{color:#69727d;border:3px solid;background-color:transparent}.elementor-widget-text-editor:not(.elementor-drop-cap-view-default) .elementor-drop-cap{margin-top:8px}.elementor-widget-text-editor:not(.elementor-drop-cap-view-default) .elementor-drop-cap-letter{width:1em;height:1em}.elementor-widget-text-editor .elementor-drop-cap{float:left;text-align:center;line-height:1;font-size:50px}.elementor-widget-text-editor .elementor-drop-cap-letter{display:inline-block}<\/style>\t\t\t\t<p>Privacybeleid<br \/>Derni\u00e8re mise \u00e0 jour le 10-Apr-2024<br \/>Date d&rsquo;entr\u00e9e en vigueur 10-Apr-2024<\/p><p>Cette politique de confidentialit\u00e9 d\u00e9crit les politiques de Cr\u00e9aset, Avenue de l&rsquo;industrie 13, Braine l&rsquo;alleud 1420, Belgique, email : info@creaset.com, phone : 025566511 concernant la collecte, l&rsquo;utilisation et la divulgation des informations que nous recueillons lorsque vous utilisez notre site web ( https:\/\/www.creaset.com ). (le \u00ab\u00a0Service\u00a0\u00bb). En acc\u00e9dant au Service ou en l&rsquo;utilisant, vous consentez \u00e0 la collecte, \u00e0 l&rsquo;utilisation et \u00e0 la divulgation de vos informations conform\u00e9ment \u00e0 la pr\u00e9sente politique de confidentialit\u00e9. Si vous n&rsquo;y consentez pas, veuillez ne pas acc\u00e9der au service ni l&rsquo;utiliser.<\/p><p>Nous pouvons modifier la pr\u00e9sente politique de confidentialit\u00e9 \u00e0 tout moment sans vous en informer au pr\u00e9alable et nous publierons la politique de confidentialit\u00e9 r\u00e9vis\u00e9e sur le service. La politique r\u00e9vis\u00e9e entrera en vigueur 180 jours apr\u00e8s sa publication dans le service et votre acc\u00e8s ou utilisation continue du service apr\u00e8s cette date constituera votre acceptation de la politique de confidentialit\u00e9 r\u00e9vis\u00e9e. Nous vous recommandons donc de consulter r\u00e9guli\u00e8rement cette page.<\/p><p>INFORMATIONS QUE NOUS COLLECTONS :<br \/>Nous collecterons et traiterons les informations personnelles suivantes vous concernant :<\/p><ul><li>Naam<\/li><li>Adresse \u00e9lectronique<\/li><\/ul><div>\u00a0<\/div><div><div>COMMENT NOUS UTILISONS VOS INFORMATIONS :<\/div><div>Nous utiliserons les informations que nous recueillons \u00e0 votre sujet aux fins suivantes :<\/div><ul><li>recueillir les commentaires des clients<\/li><li>g\u00e9rer les commandes des clients.<\/li><\/ul><div>Si nous voulons utiliser vos informations \u00e0 d&rsquo;autres fins, nous vous demanderons votre consentement et n&rsquo;utiliserons vos informations qu&rsquo;apr\u00e8s avoir re\u00e7u votre consentement et uniquement aux fins pour lesquelles vous avez donn\u00e9 votre consentement, \u00e0 moins que la loi ne nous oblige \u00e0 faire autrement.<\/div><div>\u00a0<\/div><div>CONSERVATION DE VOS INFORMATIONS :<\/div><div>Nous conserverons vos informations personnelles pendant la dur\u00e9e de l&rsquo;\u00e9change ou du service ou aussi longtemps que nous en aurons besoin pour atteindre les objectifs pour lesquels elles ont \u00e9t\u00e9 collect\u00e9es, comme indiqu\u00e9 dans la pr\u00e9sente politique de protection de la vie priv\u00e9e. Il se peut que nous devions conserver certaines informations pour des p\u00e9riodes plus longues, par exemple pour la tenue de registres ou l&rsquo;\u00e9tablissement de rapports conform\u00e9ment \u00e0 la l\u00e9gislation applicable ou pour d&rsquo;autres raisons l\u00e9gitimes telles que l&rsquo;application de droits l\u00e9gaux, la pr\u00e9vention de la fraude, etc. Les informations anonymes r\u00e9siduelles et les informations agr\u00e9g\u00e9es, qui ne permettent pas de vous identifier (directement ou indirectement), peuvent \u00eatre stock\u00e9es ind\u00e9finiment.<\/div><div>\u00a0<\/div><div><div>VOS DROITS :<\/div><div>En fonction de la l\u00e9gislation applicable, vous pouvez avoir un droit d&rsquo;acc\u00e8s et de rectification ou d&rsquo;effacement de vos donn\u00e9es \u00e0 caract\u00e8re personnel ou recevoir une copie de vos donn\u00e9es \u00e0 caract\u00e8re personnel, restreindre le traitement actif de vos donn\u00e9es ou vous y opposer, nous demander de partager (portage) vos informations \u00e0 caract\u00e8re personnel avec une autre entit\u00e9, retirer tout consentement que vous nous avez donn\u00e9 pour traiter vos donn\u00e9es, un droit de d\u00e9poser une plainte aupr\u00e8s d&rsquo;une autorit\u00e9 statutaire et tout autre droit pertinent en vertu de la l\u00e9gislation applicable. Pour exercer ces droits, vous pouvez nous \u00e9crire \u00e0 info@creaset.com. Nous r\u00e9pondrons \u00e0 votre demande conform\u00e9ment \u00e0 la l\u00e9gislation applicable.<\/div><div>\u00a0<\/div><div>Veuillez noter que si vous ne nous autorisez pas \u00e0 collecter ou \u00e0 traiter les informations personnelles requises ou si vous retirez votre consentement au traitement de ces informations aux fins requises, il se peut que vous ne puissiez pas acc\u00e9der aux services pour lesquels vos informations ont \u00e9t\u00e9 demand\u00e9es ou que vous ne puissiez pas les utiliser.<\/div><div>\u00a0<\/div><div>COOKIES ETC.<\/div><div>Pour en savoir plus sur la mani\u00e8re dont nous les utilisons et sur les choix qui s&rsquo;offrent \u00e0 vous en ce qui concerne ces technologies de suivi, veuillez vous reporter \u00e0 notre politique en mati\u00e8re de cookies.<\/div><div>\u00a0<\/div><div>S\u00c9CURIT\u00c9 :<\/div><div>La s\u00e9curit\u00e9 de vos informations est importante pour nous et nous utiliserons des mesures de s\u00e9curit\u00e9 raisonnables pour emp\u00eacher la perte, l&rsquo;utilisation abusive ou la modification non autoris\u00e9e de vos informations sous notre contr\u00f4le. Toutefois, compte tenu des risques inh\u00e9rents, nous ne pouvons pas garantir une s\u00e9curit\u00e9 absolue et, par cons\u00e9quent, nous ne pouvons pas assurer ou garantir la s\u00e9curit\u00e9 des informations que vous nous transmettez et vous le faites \u00e0 vos propres risques.<\/div><div>\u00a0<\/div><div><div>GRIEVANCE \/ DATA PROTECTION OFFICER:<\/div><div>If you have any queries or concerns about the processing of your information that is available with us, you may email our Grievance Officer at Hecht SA, Avenue de l&rsquo;industrie 13, email: info@creaset.com. We will address your concerns in accordance with applicable law.<\/div><\/div><\/div><\/div>\t\t\t\t\t\t<\/div>\n\t\t\t\t<\/div>\n\t\t\t\t<\/div>\n\t\t\t\t\t<\/div>\n\t\t\t\t<\/div>\n\t\t\t\t<\/div>","protected":false},"excerpt":{"rendered":"<p>Politique de confidentialit\u00e9Derni\u00e8re mise \u00e0 jour le 10-Apr-2024Date d&rsquo;entr\u00e9e en vigueur 10-Apr-2024 Cette politique de confidentialit\u00e9 d\u00e9crit les politiques de Cr\u00e9aset, Avenue de l&rsquo;industrie 13, Braine l&rsquo;alleud 1420, Belgique, email : info@creaset.com, phone : 025566511 concernant la collecte, l&rsquo;utilisation et la divulgation des informations que nous recueillons lorsque vous utilisez notre site web ( https:\/\/www.creaset.com [&hellip;]<\/p>","protected":false},"author":4,"featured_media":0,"parent":0,"menu_order":10,"comment_status":"closed","ping_status":"closed","template":"elementor_header_footer","meta":{"_acf_changed":false,"footnotes":""},"class_list":["post-54","page","type-page","status-publish","hentry"],"acf":[],"yoast_head":"<!-- This site is optimized with the Yoast SEO plugin v22.8 - https:\/\/yoast.com\/wordpress\/plugins\/seo\/ -->\n<title>Politique de confidentialit\u00e9 - Cr\u00e9aset<\/title>\n<meta name=\"robots\" content=\"index, follow, max-snippet:-1, max-image-preview:large, max-video-preview:-1\" \/>\n<link rel=\"canonical\" href=\"https:\/\/www.creaset.com\/nl\/politique-de-confidentialite\/\" \/>\n<meta property=\"og:locale\" content=\"nl_BE\" \/>\n<meta property=\"og:type\" content=\"article\" \/>\n<meta property=\"og:title\" content=\"Politique de confidentialit\u00e9 - Cr\u00e9aset\" \/>\n<meta property=\"og:description\" content=\"Politique de confidentialit\u00e9Derni\u00e8re mise \u00e0 jour le 10-Apr-2024Date d&rsquo;entr\u00e9e en vigueur 10-Apr-2024 Cette politique de confidentialit\u00e9 d\u00e9crit les politiques de Cr\u00e9aset, Avenue de l&rsquo;industrie 13, Braine l&rsquo;alleud 1420, Belgique, email : info@creaset.com, phone : 025566511 concernant la collecte, l&rsquo;utilisation et la divulgation des informations que nous recueillons lorsque vous utilisez notre site web ( https:\/\/www.creaset.com [&hellip;]\" \/>\n<meta property=\"og:url\" content=\"https:\/\/www.creaset.com\/nl\/politique-de-confidentialite\/\" \/>\n<meta property=\"og:site_name\" content=\"Cr\u00e9aset\" \/>\n<meta property=\"article:publisher\" content=\"https:\/\/www.facebook.com\/creaset\" \/>\n<meta property=\"article:modified_time\" content=\"2024-10-30T08:30:17+00:00\" \/>\n<meta name=\"twitter:card\" content=\"summary_large_image\" \/>\n<meta name=\"twitter:site\" content=\"@Creaset\" \/>\n<meta name=\"twitter:label1\" content=\"Geschatte leestijd\" \/>\n\t<meta name=\"twitter:data1\" content=\"4 minuten\" \/>\n<script type=\"application\/ld+json\" class=\"yoast-schema-graph\">{\"@context\":\"https:\/\/schema.org\",\"@graph\":[{\"@type\":\"WebPage\",\"@id\":\"https:\/\/www.creaset.com\/politique-de-confidentialite\/\",\"url\":\"https:\/\/www.creaset.com\/politique-de-confidentialite\/\",\"name\":\"Politique de confidentialit\u00e9 - Cr\u00e9aset\",\"isPartOf\":{\"@id\":\"https:\/\/www.creaset.com\/#website\"},\"datePublished\":\"2023-05-31T08:41:09+00:00\",\"dateModified\":\"2024-10-30T08:30:17+00:00\",\"breadcrumb\":{\"@id\":\"https:\/\/www.creaset.com\/politique-de-confidentialite\/#breadcrumb\"},\"inLanguage\":\"nl-BE\",\"potentialAction\":[{\"@type\":\"ReadAction\",\"target\":[\"https:\/\/www.creaset.com\/politique-de-confidentialite\/\"]}]},{\"@type\":\"BreadcrumbList\",\"@id\":\"https:\/\/www.creaset.com\/politique-de-confidentialite\/#breadcrumb\",\"itemListElement\":[{\"@type\":\"ListItem\",\"position\":1,\"name\":\"Home\",\"item\":\"https:\/\/www.creaset.com\/\"},{\"@type\":\"ListItem\",\"position\":2,\"name\":\"Politique de confidentialit\u00e9\"}]},{\"@type\":\"WebSite\",\"@id\":\"https:\/\/www.creaset.com\/#website\",\"url\":\"https:\/\/www.creaset.com\/\",\"name\":\"Cr\u00e9aset\",\"description\":\"The Art Of Visibility\",\"publisher\":{\"@id\":\"https:\/\/www.creaset.com\/#organization\"},\"potentialAction\":[{\"@type\":\"SearchAction\",\"target\":{\"@type\":\"EntryPoint\",\"urlTemplate\":\"https:\/\/www.creaset.com\/?s={search_term_string}\"},\"query-input\":\"required name=search_term_string\"}],\"inLanguage\":\"nl-BE\"},{\"@type\":\"Organization\",\"@id\":\"https:\/\/www.creaset.com\/#organization\",\"name\":\"Cr\u00e9aset\",\"url\":\"https:\/\/www.creaset.com\/\",\"logo\":{\"@type\":\"ImageObject\",\"inLanguage\":\"nl-BE\",\"@id\":\"https:\/\/www.creaset.com\/#\/schema\/logo\/image\/\",\"url\":\"https:\/\/www.creaset.com\/wp-content\/uploads\/2026\/03\/Logo_creaset_WithoutBaseline.png\",\"contentUrl\":\"https:\/\/www.creaset.com\/wp-content\/uploads\/2026\/03\/Logo_creaset_WithoutBaseline.png\",\"width\":1051,\"height\":358,\"caption\":\"Cr\u00e9aset\"},\"image\":{\"@id\":\"https:\/\/www.creaset.com\/#\/schema\/logo\/image\/\"},\"sameAs\":[\"https:\/\/www.facebook.com\/creaset\",\"https:\/\/x.com\/Creaset\"]}]}<\/script>\n<!-- \/ Yoast SEO plugin. -->","yoast_head_json":{"title":"Politique de confidentialit\u00e9 - Cr\u00e9aset","robots":{"index":"index","follow":"follow","max-snippet":"max-snippet:-1","max-image-preview":"max-image-preview:large","max-video-preview":"max-video-preview:-1"},"canonical":"https:\/\/www.creaset.com\/nl\/politique-de-confidentialite\/","og_locale":"nl_BE","og_type":"article","og_title":"Politique de confidentialit\u00e9 - Cr\u00e9aset","og_description":"Politique de confidentialit\u00e9Derni\u00e8re mise \u00e0 jour le 10-Apr-2024Date d&rsquo;entr\u00e9e en vigueur 10-Apr-2024 Cette politique de confidentialit\u00e9 d\u00e9crit les politiques de Cr\u00e9aset, Avenue de l&rsquo;industrie 13, Braine l&rsquo;alleud 1420, Belgique, email : info@creaset.com, phone : 025566511 concernant la collecte, l&rsquo;utilisation et la divulgation des informations que nous recueillons lorsque vous utilisez notre site web ( https:\/\/www.creaset.com [&hellip;]","og_url":"https:\/\/www.creaset.com\/nl\/politique-de-confidentialite\/","og_site_name":"Cr\u00e9aset","article_publisher":"https:\/\/www.facebook.com\/creaset","article_modified_time":"2024-10-30T08:30:17+00:00","twitter_card":"summary_large_image","twitter_site":"@Creaset","twitter_misc":{"Geschatte leestijd":"4 minuten"},"schema":{"@context":"https:\/\/schema.org","@graph":[{"@type":"WebPage","@id":"https:\/\/www.creaset.com\/politique-de-confidentialite\/","url":"https:\/\/www.creaset.com\/politique-de-confidentialite\/","name":"Politique de confidentialit\u00e9 - Cr\u00e9aset","isPartOf":{"@id":"https:\/\/www.creaset.com\/#website"},"datePublished":"2023-05-31T08:41:09+00:00","dateModified":"2024-10-30T08:30:17+00:00","breadcrumb":{"@id":"https:\/\/www.creaset.com\/politique-de-confidentialite\/#breadcrumb"},"inLanguage":"nl-BE","potentialAction":[{"@type":"ReadAction","target":["https:\/\/www.creaset.com\/politique-de-confidentialite\/"]}]},{"@type":"BreadcrumbList","@id":"https:\/\/www.creaset.com\/politique-de-confidentialite\/#breadcrumb","itemListElement":[{"@type":"ListItem","position":1,"name":"Home","item":"https:\/\/www.creaset.com\/"},{"@type":"ListItem","position":2,"name":"Politique de confidentialit\u00e9"}]},{"@type":"WebSite","@id":"https:\/\/www.creaset.com\/#website","url":"https:\/\/www.creaset.com\/","name":"Cr\u00e9aset","description":"The Art Of Visibility","publisher":{"@id":"https:\/\/www.creaset.com\/#organization"},"potentialAction":[{"@type":"SearchAction","target":{"@type":"EntryPoint","urlTemplate":"https:\/\/www.creaset.com\/?s={search_term_string}"},"query-input":"required name=search_term_string"}],"inLanguage":"nl-BE"},{"@type":"Organization","@id":"https:\/\/www.creaset.com\/#organization","name":"Cr\u00e9aset","url":"https:\/\/www.creaset.com\/","logo":{"@type":"ImageObject","inLanguage":"nl-BE","@id":"https:\/\/www.creaset.com\/#\/schema\/logo\/image\/","url":"https:\/\/www.creaset.com\/wp-content\/uploads\/2026\/03\/Logo_creaset_WithoutBaseline.png","contentUrl":"https:\/\/www.creaset.com\/wp-content\/uploads\/2026\/03\/Logo_creaset_WithoutBaseline.png","width":1051,"height":358,"caption":"Cr\u00e9aset"},"image":{"@id":"https:\/\/www.creaset.com\/#\/schema\/logo\/image\/"},"sameAs":["https:\/\/www.facebook.com\/creaset","https:\/\/x.com\/Creaset"]}]}},"_links":{"self":[{"href":"https:\/\/www.creaset.com\/nl\/wp-json\/wp\/v2\/pages\/54","targetHints":{"allow":["GET"]}}],"collection":[{"href":"https:\/\/www.creaset.com\/nl\/wp-json\/wp\/v2\/pages"}],"about":[{"href":"https:\/\/www.creaset.com\/nl\/wp-json\/wp\/v2\/types\/page"}],"author":[{"embeddable":true,"href":"https:\/\/www.creaset.com\/nl\/wp-json\/wp\/v2\/users\/4"}],"replies":[{"embeddable":true,"href":"https:\/\/www.creaset.com\/nl\/wp-json\/wp\/v2\/comments?post=54"}],"version-history":[{"count":29,"href":"https:\/\/www.creaset.com\/nl\/wp-json\/wp\/v2\/pages\/54\/revisions"}],"predecessor-version":[{"id":3383,"href":"https:\/\/www.creaset.com\/nl\/wp-json\/wp\/v2\/pages\/54\/revisions\/3383"}],"wp:attachment":[{"href":"https:\/\/www.creaset.com\/nl\/wp-json\/wp\/v2\/media?parent=54"}],"curies":[{"name":"wp","href":"https:\/\/api.w.org\/{rel}","templated":true}]}}