{"id":52,"date":"2023-05-31T10:40:53","date_gmt":"2023-05-31T08:40:53","guid":{"rendered":"http:\/\/preview.creaset.net\/?page_id=52"},"modified":"2024-05-17T11:38:23","modified_gmt":"2024-05-17T09:38:23","slug":"specs","status":"publish","type":"page","link":"https:\/\/www.creaset.com\/nl\/specs\/","title":{"rendered":"Aanlevering drukklare bestanden &amp; uploaden"},"content":{"rendered":"<div data-elementor-type=\"wp-page\" data-elementor-id=\"52\" class=\"elementor elementor-52\" data-elementor-post-type=\"page\">\n\t\t\t\t<div class=\"elementor-element elementor-element-9277a28 e-flex e-con-boxed e-con e-parent\" data-id=\"9277a28\" data-element_type=\"container\">\n\t\t\t\t\t<div class=\"e-con-inner\">\n\t\t<div class=\"elementor-element elementor-element-e10af9a e-flex e-con-boxed e-con e-child\" data-id=\"e10af9a\" data-element_type=\"container\">\n\t\t\t\t\t<div class=\"e-con-inner\">\n\t\t\t\t<div class=\"elementor-element elementor-element-0dda0ef elementor-widget elementor-widget-heading\" data-id=\"0dda0ef\" data-element_type=\"widget\" data-widget_type=\"heading.default\">\n\t\t\t\t<div class=\"elementor-widget-container\">\n\t\t\t<style>\/*! elementor - v3.22.0 - 26-06-2024 *\/\n.elementor-heading-title{padding:0;margin:0;line-height:1}.elementor-widget-heading .elementor-heading-title[class*=elementor-size-]>a{color:inherit;font-size:inherit;line-height:inherit}.elementor-widget-heading .elementor-heading-title.elementor-size-small{font-size:15px}.elementor-widget-heading .elementor-heading-title.elementor-size-medium{font-size:19px}.elementor-widget-heading .elementor-heading-title.elementor-size-large{font-size:29px}.elementor-widget-heading .elementor-heading-title.elementor-size-xl{font-size:39px}.elementor-widget-heading .elementor-heading-title.elementor-size-xxl{font-size:59px}<\/style><h1 class=\"elementor-heading-title elementor-size-default\">Aanlevering drukklare bestanden &amp; uploaden<\/h1>\t\t<\/div>\n\t\t\t\t<\/div>\n\t\t<div class=\"elementor-element elementor-element-2449f9d e-con-full e-flex e-con e-child\" data-id=\"2449f9d\" data-element_type=\"container\">\n\t\t\t\t<div class=\"elementor-element elementor-element-21c31e6 elementor-view-stacked elementor-widget__width-initial elementor-shape-circle elementor-widget elementor-widget-icon\" data-id=\"21c31e6\" data-element_type=\"widget\" data-widget_type=\"icon.default\">\n\t\t\t\t<div class=\"elementor-widget-container\">\n\t\t\t\t\t<div class=\"elementor-icon-wrapper\">\n\t\t\t<div class=\"elementor-icon\">\n\t\t\t<svg aria-hidden=\"true\" class=\"e-font-icon-svg e-fas-book-open\" viewbox=\"0 0 576 512\" xmlns=\"http:\/\/www.w3.org\/2000\/svg\"><path d=\"M542.22 32.05c-54.8 3.11-163.72 14.43-230.96 55.59-4.64 2.84-7.27 7.89-7.27 13.17v363.87c0 11.55 12.63 18.85 23.28 13.49 69.18-34.82 169.23-44.32 218.7-46.92 16.89-.89 30.02-14.43 30.02-30.66V62.75c.01-17.71-15.35-31.74-33.77-30.7zM264.73 87.64C197.5 46.48 88.58 35.17 33.78 32.05 15.36 31.01 0 45.04 0 62.75V400.6c0 16.24 13.13 29.78 30.02 30.66 49.49 2.6 149.59 12.11 218.77 46.95 10.62 5.35 23.21-1.94 23.21-13.46V100.63c0-5.29-2.62-10.14-7.27-12.99z\"><\/path><\/svg>\t\t\t<\/div>\n\t\t<\/div>\n\t\t\t\t<\/div>\n\t\t\t\t<\/div>\n\t\t\t\t<div class=\"elementor-element elementor-element-20a6aad elementor-widget__width-initial elementor-widget elementor-widget-text-editor\" data-id=\"20a6aad\" data-element_type=\"widget\" data-widget_type=\"text-editor.default\">\n\t\t\t\t<div class=\"elementor-widget-container\">\n\t\t\t<style>\/*! elementor - v3.22.0 - 26-06-2024 *\/\n.elementor-widget-text-editor.elementor-drop-cap-view-stacked .elementor-drop-cap{background-color:#69727d;color:#fff}.elementor-widget-text-editor.elementor-drop-cap-view-framed .elementor-drop-cap{color:#69727d;border:3px solid;background-color:transparent}.elementor-widget-text-editor:not(.elementor-drop-cap-view-default) .elementor-drop-cap{margin-top:8px}.elementor-widget-text-editor:not(.elementor-drop-cap-view-default) .elementor-drop-cap-letter{width:1em;height:1em}.elementor-widget-text-editor .elementor-drop-cap{float:left;text-align:center;line-height:1;font-size:50px}.elementor-widget-text-editor .elementor-drop-cap-letter{display:inline-block}<\/style>\t\t\t\t<p>Hier vind je instructies voor het voorbereiden van de bestanden.<\/p><p><strong>Hulp nodig?<\/strong><br \/>Bel ons +32 2 389 14 14<\/p>\t\t\t\t\t\t<\/div>\n\t\t\t\t<\/div>\n\t\t\t\t<\/div>\n\t\t\t\t\t<\/div>\n\t\t\t\t<\/div>\n\t\t\t\t\t<\/div>\n\t\t\t\t<\/div>\n\t\t<div class=\"elementor-element elementor-element-4435cae e-flex e-con-boxed e-con e-parent\" data-id=\"4435cae\" data-element_type=\"container\">\n\t\t\t\t\t<div class=\"e-con-inner\">\n\t\t<div class=\"elementor-element elementor-element-214413f e-con-full e-flex e-con e-child\" data-id=\"214413f\" data-element_type=\"container\">\n\t\t<div class=\"elementor-element elementor-element-81e945c e-flex e-con-boxed e-con e-child\" data-id=\"81e945c\" data-element_type=\"container\" data-settings=\"{&quot;background_background&quot;:&quot;classic&quot;}\">\n\t\t\t\t\t<div class=\"e-con-inner\">\n\t\t\t\t<div class=\"elementor-element elementor-element-b26a0e2 elementor-widget elementor-widget-heading\" data-id=\"b26a0e2\" data-element_type=\"widget\" data-widget_type=\"heading.default\">\n\t\t\t\t<div class=\"elementor-widget-container\">\n\t\t\t<h2 class=\"elementor-heading-title elementor-size-default\">Specs<\/h2>\t\t<\/div>\n\t\t\t\t<\/div>\n\t\t\t\t<div class=\"elementor-element elementor-element-e61935a elementor-widget elementor-widget-text-editor\" data-id=\"e61935a\" data-element_type=\"widget\" data-widget_type=\"text-editor.default\">\n\t\t\t\t<div class=\"elementor-widget-container\">\n\t\t\t\t\t\t\t<p>Hier zijn de specificaties voor het voorbereiden van de bestanden.<\/p>\t\t\t\t\t\t<\/div>\n\t\t\t\t<\/div>\n\t\t\t\t<div class=\"elementor-element elementor-element-cb4c03a elementor-widget elementor-widget-text-editor\" data-id=\"cb4c03a\" data-element_type=\"widget\" data-widget_type=\"text-editor.default\">\n\t\t\t\t<div class=\"elementor-widget-container\">\n\t\t\t\t\t\t\t<p><a href=\"https:\/\/www.creaset.com\/wp-content\/uploads\/2024\/05\/Specs-Fichiers-Creaset-NL.pdf\" target=\"_blank\" rel=\"noopener\">Specs Fichiers Creaset NL<\/a><\/p>\t\t\t\t\t\t<\/div>\n\t\t\t\t<\/div>\n\t\t\t\t<div class=\"elementor-element elementor-element-22b2636 elementor-widget elementor-widget-text-editor\" data-id=\"22b2636\" data-element_type=\"widget\" data-widget_type=\"text-editor.default\">\n\t\t\t\t<div class=\"elementor-widget-container\">\n\t\t\t\t\t\t\t<p><a href=\"https:\/\/www.creaset.com\/wp-content\/uploads\/2024\/05\/Specs-Fichiers-Creaset-ENG.pdf\" target=\"_blank\" rel=\"noopener\">Specs Fichiers Creaset ENG<\/a><\/p>\t\t\t\t\t\t<\/div>\n\t\t\t\t<\/div>\n\t\t\t\t<div class=\"elementor-element elementor-element-174677c elementor-widget elementor-widget-text-editor\" data-id=\"174677c\" data-element_type=\"widget\" data-widget_type=\"text-editor.default\">\n\t\t\t\t<div class=\"elementor-widget-container\">\n\t\t\t\t\t\t\t<p><a href=\"https:\/\/www.creaset.com\/wp-content\/uploads\/2024\/05\/TEMPLATE_IMPORT-ADRESSES-V5.2.xlsx\" target=\"_blank\" rel=\"noopener\">Excel adresses livraisons<\/a><\/p>\t\t\t\t\t\t<\/div>\n\t\t\t\t<\/div>\n\t\t\t\t<div class=\"elementor-element elementor-element-5916561 elementor-widget elementor-widget-text-editor\" data-id=\"5916561\" data-element_type=\"widget\" data-widget_type=\"text-editor.default\">\n\t\t\t\t<div class=\"elementor-widget-container\">\n\t\t\t\t\t\t\t<p><a href=\"https:\/\/www.creaset.com\/wp-content\/uploads\/2024\/05\/Disclaimer.pdf\" target=\"_blank\" rel=\"noopener\">Disclaimer<\/a><\/p>\t\t\t\t\t\t<\/div>\n\t\t\t\t<\/div>\n\t\t\t\t\t<\/div>\n\t\t\t\t<\/div>\n\t\t<div class=\"elementor-element elementor-element-fa59fb5 e-flex e-con-boxed e-con e-child\" data-id=\"fa59fb5\" data-element_type=\"container\" data-settings=\"{&quot;background_background&quot;:&quot;classic&quot;}\">\n\t\t\t\t\t<div class=\"e-con-inner\">\n\t\t\t\t<div class=\"elementor-element elementor-element-5380c89 elementor-widget elementor-widget-heading\" data-id=\"5380c89\" data-element_type=\"widget\" data-widget_type=\"heading.default\">\n\t\t\t\t<div class=\"elementor-widget-container\">\n\t\t\t<h2 class=\"elementor-heading-title elementor-size-default\">Preflight<\/h2>\t\t<\/div>\n\t\t\t\t<\/div>\n\t\t\t\t<div class=\"elementor-element elementor-element-d30d0a7 elementor-widget elementor-widget-text-editor\" data-id=\"d30d0a7\" data-element_type=\"widget\" data-widget_type=\"text-editor.default\">\n\t\t\t\t<div class=\"elementor-widget-container\">\n\t\t\t\t\t\t\t<p>Profils Pitstop &amp; Acrobat Distiller.<\/p>\t\t\t\t\t\t<\/div>\n\t\t\t\t<\/div>\n\t\t\t\t<div class=\"elementor-element elementor-element-a188957 elementor-widget elementor-widget-text-editor\" data-id=\"a188957\" data-element_type=\"widget\" data-widget_type=\"text-editor.default\">\n\t\t\t\t<div class=\"elementor-widget-container\">\n\t\t\t\t\t\t\t<p><a href=\"https:\/\/www.creaset.com\/wp-content\/uploads\/2024\/05\/Creaset-Profiles.zip\">Creaset Profiles<\/a><\/p>\t\t\t\t\t\t<\/div>\n\t\t\t\t<\/div>\n\t\t\t\t\t<\/div>\n\t\t\t\t<\/div>\n\t\t<a class=\"elementor-element elementor-element-c3fe641 e-flex e-con-boxed e-con e-child\" data-id=\"c3fe641\" data-element_type=\"container\" data-settings=\"{&quot;background_background&quot;:&quot;classic&quot;}\" href=\"http:\/\/upload.hecht.be\/\" target=\"_blank\">\n\t\t\t\t\t<div class=\"e-con-inner\">\n\t\t\t\t<div class=\"elementor-element elementor-element-3a743cc elementor-widget elementor-widget-heading\" data-id=\"3a743cc\" data-element_type=\"widget\" data-widget_type=\"heading.default\">\n\t\t\t\t<div class=\"elementor-widget-container\">\n\t\t\t<h2 class=\"elementor-heading-title elementor-size-default\">Upload<\/h2>\t\t<\/div>\n\t\t\t\t<\/div>\n\t\t\t\t<div class=\"elementor-element elementor-element-089fd9e elementor-widget elementor-widget-text-editor\" data-id=\"089fd9e\" data-element_type=\"widget\" data-widget_type=\"text-editor.default\">\n\t\t\t\t<div class=\"elementor-widget-container\">\n\t\t\t\t\t\t\t<p>Upload hier je bestanden (geen paswoord nodig).<\/p><p>Breng je commercieel contactpersoon hiervan op de hoogte.<\/p>\t\t\t\t\t\t<\/div>\n\t\t\t\t<\/div>\n\t\t\t\t\t<\/div>\n\t\t\t\t<\/a>\n\t\t\t\t<\/div>\n\t\t\t\t\t<\/div>\n\t\t\t\t<\/div>\n\t\t\t\t<\/div>","protected":false},"excerpt":{"rendered":"<p>Vous trouvez ici les indications pour la pr\u00e9paration des fichiers. Besoin d&rsquo;aide?Contactez-nous au +32 2 389 14 14 Specs Voici les sp\u00e9cifications pour la pr\u00e9paration des fichiers. Specs Fichiers Creaset FR Specs Fichiers Creaset ENG Excel adresses livraisons Disclaimer Preflight Profils Pitstop &amp; Acrobat Distiller. Creaset Profiles Upload T\u00e9l\u00e9chargez vos fichiers ici (aucun mot de [&hellip;]<\/p>","protected":false},"author":4,"featured_media":0,"parent":0,"menu_order":9,"comment_status":"closed","ping_status":"closed","template":"elementor_header_footer","meta":{"_acf_changed":false,"footnotes":""},"class_list":["post-52","page","type-page","status-publish","hentry"],"acf":[],"yoast_head":"<!-- This site is optimized with the Yoast SEO plugin v22.8 - https:\/\/yoast.com\/wordpress\/plugins\/seo\/ -->\n<title>Sp\u00e9cifications fichiers &amp; Upload - Cr\u00e9aset<\/title>\n<meta name=\"description\" content=\"Sp\u00e9cifications et indications pour la pr\u00e9paration des fichiers. Vous trouverez aussi les indications pour nos collaborations et placements.\" \/>\n<meta name=\"robots\" content=\"index, follow, max-snippet:-1, max-image-preview:large, max-video-preview:-1\" \/>\n<link rel=\"canonical\" href=\"https:\/\/www.creaset.com\/nl\/specs\/\" \/>\n<meta property=\"og:locale\" content=\"nl_BE\" \/>\n<meta property=\"og:type\" content=\"article\" \/>\n<meta property=\"og:title\" content=\"Sp\u00e9cifications fichiers &amp; Upload - Cr\u00e9aset\" \/>\n<meta property=\"og:description\" content=\"Sp\u00e9cifications et indications pour la pr\u00e9paration des fichiers. Vous trouverez aussi les indications pour nos collaborations et placements.\" \/>\n<meta property=\"og:url\" content=\"https:\/\/www.creaset.com\/nl\/specs\/\" \/>\n<meta property=\"og:site_name\" content=\"Cr\u00e9aset\" \/>\n<meta property=\"article:publisher\" content=\"https:\/\/www.facebook.com\/creaset\" \/>\n<meta property=\"article:modified_time\" content=\"2024-05-17T09:38:23+00:00\" \/>\n<meta name=\"twitter:card\" content=\"summary_large_image\" \/>\n<meta name=\"twitter:site\" content=\"@Creaset\" \/>\n<meta name=\"twitter:label1\" content=\"Geschatte leestijd\" \/>\n\t<meta name=\"twitter:data1\" content=\"1 minuut\" \/>\n<script type=\"application\/ld+json\" class=\"yoast-schema-graph\">{\"@context\":\"https:\/\/schema.org\",\"@graph\":[{\"@type\":\"WebPage\",\"@id\":\"https:\/\/www.creaset.com\/specs\/\",\"url\":\"https:\/\/www.creaset.com\/specs\/\",\"name\":\"Sp\u00e9cifications fichiers &amp; Upload - Cr\u00e9aset\",\"isPartOf\":{\"@id\":\"https:\/\/www.creaset.com\/#website\"},\"datePublished\":\"2023-05-31T08:40:53+00:00\",\"dateModified\":\"2024-05-17T09:38:23+00:00\",\"description\":\"Sp\u00e9cifications et indications pour la pr\u00e9paration des fichiers. Vous trouverez aussi les indications pour nos collaborations et placements.\",\"breadcrumb\":{\"@id\":\"https:\/\/www.creaset.com\/specs\/#breadcrumb\"},\"inLanguage\":\"nl-BE\",\"potentialAction\":[{\"@type\":\"ReadAction\",\"target\":[\"https:\/\/www.creaset.com\/specs\/\"]}]},{\"@type\":\"BreadcrumbList\",\"@id\":\"https:\/\/www.creaset.com\/specs\/#breadcrumb\",\"itemListElement\":[{\"@type\":\"ListItem\",\"position\":1,\"name\":\"Home\",\"item\":\"https:\/\/www.creaset.com\/\"},{\"@type\":\"ListItem\",\"position\":2,\"name\":\"Sp\u00e9cifications fichiers &amp; Upload\"}]},{\"@type\":\"WebSite\",\"@id\":\"https:\/\/www.creaset.com\/#website\",\"url\":\"https:\/\/www.creaset.com\/\",\"name\":\"Cr\u00e9aset\",\"description\":\"The Art Of Visibility\",\"publisher\":{\"@id\":\"https:\/\/www.creaset.com\/#organization\"},\"potentialAction\":[{\"@type\":\"SearchAction\",\"target\":{\"@type\":\"EntryPoint\",\"urlTemplate\":\"https:\/\/www.creaset.com\/?s={search_term_string}\"},\"query-input\":\"required name=search_term_string\"}],\"inLanguage\":\"nl-BE\"},{\"@type\":\"Organization\",\"@id\":\"https:\/\/www.creaset.com\/#organization\",\"name\":\"Cr\u00e9aset\",\"url\":\"https:\/\/www.creaset.com\/\",\"logo\":{\"@type\":\"ImageObject\",\"inLanguage\":\"nl-BE\",\"@id\":\"https:\/\/www.creaset.com\/#\/schema\/logo\/image\/\",\"url\":\"https:\/\/www.creaset.com\/wp-content\/uploads\/2026\/03\/Logo_creaset_WithoutBaseline.png\",\"contentUrl\":\"https:\/\/www.creaset.com\/wp-content\/uploads\/2026\/03\/Logo_creaset_WithoutBaseline.png\",\"width\":1051,\"height\":358,\"caption\":\"Cr\u00e9aset\"},\"image\":{\"@id\":\"https:\/\/www.creaset.com\/#\/schema\/logo\/image\/\"},\"sameAs\":[\"https:\/\/www.facebook.com\/creaset\",\"https:\/\/x.com\/Creaset\"]}]}<\/script>\n<!-- \/ Yoast SEO plugin. -->","yoast_head_json":{"title":"Sp\u00e9cifications fichiers &amp; Upload - Cr\u00e9aset","description":"Sp\u00e9cifications et indications pour la pr\u00e9paration des fichiers. Vous trouverez aussi les indications pour nos collaborations et placements.","robots":{"index":"index","follow":"follow","max-snippet":"max-snippet:-1","max-image-preview":"max-image-preview:large","max-video-preview":"max-video-preview:-1"},"canonical":"https:\/\/www.creaset.com\/nl\/specs\/","og_locale":"nl_BE","og_type":"article","og_title":"Sp\u00e9cifications fichiers &amp; Upload - Cr\u00e9aset","og_description":"Sp\u00e9cifications et indications pour la pr\u00e9paration des fichiers. Vous trouverez aussi les indications pour nos collaborations et placements.","og_url":"https:\/\/www.creaset.com\/nl\/specs\/","og_site_name":"Cr\u00e9aset","article_publisher":"https:\/\/www.facebook.com\/creaset","article_modified_time":"2024-05-17T09:38:23+00:00","twitter_card":"summary_large_image","twitter_site":"@Creaset","twitter_misc":{"Geschatte leestijd":"1 minuut"},"schema":{"@context":"https:\/\/schema.org","@graph":[{"@type":"WebPage","@id":"https:\/\/www.creaset.com\/specs\/","url":"https:\/\/www.creaset.com\/specs\/","name":"Sp\u00e9cifications fichiers &amp; Upload - Cr\u00e9aset","isPartOf":{"@id":"https:\/\/www.creaset.com\/#website"},"datePublished":"2023-05-31T08:40:53+00:00","dateModified":"2024-05-17T09:38:23+00:00","description":"Sp\u00e9cifications et indications pour la pr\u00e9paration des fichiers. Vous trouverez aussi les indications pour nos collaborations et placements.","breadcrumb":{"@id":"https:\/\/www.creaset.com\/specs\/#breadcrumb"},"inLanguage":"nl-BE","potentialAction":[{"@type":"ReadAction","target":["https:\/\/www.creaset.com\/specs\/"]}]},{"@type":"BreadcrumbList","@id":"https:\/\/www.creaset.com\/specs\/#breadcrumb","itemListElement":[{"@type":"ListItem","position":1,"name":"Home","item":"https:\/\/www.creaset.com\/"},{"@type":"ListItem","position":2,"name":"Sp\u00e9cifications fichiers &amp; Upload"}]},{"@type":"WebSite","@id":"https:\/\/www.creaset.com\/#website","url":"https:\/\/www.creaset.com\/","name":"Cr\u00e9aset","description":"The Art Of Visibility","publisher":{"@id":"https:\/\/www.creaset.com\/#organization"},"potentialAction":[{"@type":"SearchAction","target":{"@type":"EntryPoint","urlTemplate":"https:\/\/www.creaset.com\/?s={search_term_string}"},"query-input":"required name=search_term_string"}],"inLanguage":"nl-BE"},{"@type":"Organization","@id":"https:\/\/www.creaset.com\/#organization","name":"Cr\u00e9aset","url":"https:\/\/www.creaset.com\/","logo":{"@type":"ImageObject","inLanguage":"nl-BE","@id":"https:\/\/www.creaset.com\/#\/schema\/logo\/image\/","url":"https:\/\/www.creaset.com\/wp-content\/uploads\/2026\/03\/Logo_creaset_WithoutBaseline.png","contentUrl":"https:\/\/www.creaset.com\/wp-content\/uploads\/2026\/03\/Logo_creaset_WithoutBaseline.png","width":1051,"height":358,"caption":"Cr\u00e9aset"},"image":{"@id":"https:\/\/www.creaset.com\/#\/schema\/logo\/image\/"},"sameAs":["https:\/\/www.facebook.com\/creaset","https:\/\/x.com\/Creaset"]}]}},"_links":{"self":[{"href":"https:\/\/www.creaset.com\/nl\/wp-json\/wp\/v2\/pages\/52","targetHints":{"allow":["GET"]}}],"collection":[{"href":"https:\/\/www.creaset.com\/nl\/wp-json\/wp\/v2\/pages"}],"about":[{"href":"https:\/\/www.creaset.com\/nl\/wp-json\/wp\/v2\/types\/page"}],"author":[{"embeddable":true,"href":"https:\/\/www.creaset.com\/nl\/wp-json\/wp\/v2\/users\/4"}],"replies":[{"embeddable":true,"href":"https:\/\/www.creaset.com\/nl\/wp-json\/wp\/v2\/comments?post=52"}],"version-history":[{"count":219,"href":"https:\/\/www.creaset.com\/nl\/wp-json\/wp\/v2\/pages\/52\/revisions"}],"predecessor-version":[{"id":3071,"href":"https:\/\/www.creaset.com\/nl\/wp-json\/wp\/v2\/pages\/52\/revisions\/3071"}],"wp:attachment":[{"href":"https:\/\/www.creaset.com\/nl\/wp-json\/wp\/v2\/media?parent=52"}],"curies":[{"name":"wp","href":"https:\/\/api.w.org\/{rel}","templated":true}]}}