{"id":50,"date":"2023-05-31T10:40:43","date_gmt":"2023-05-31T08:40:43","guid":{"rendered":"http:\/\/preview.creaset.net\/?page_id=50"},"modified":"2024-05-17T11:40:00","modified_gmt":"2024-05-17T09:40:00","slug":"jobs","status":"publish","type":"page","link":"https:\/\/www.creaset.com\/nl\/jobs\/","title":{"rendered":"Jobs"},"content":{"rendered":"<div data-elementor-type=\"wp-page\" data-elementor-id=\"50\" class=\"elementor elementor-50\" data-elementor-post-type=\"page\">\n\t\t\t\t<div class=\"elementor-element elementor-element-21ef7b5 e-flex e-con-boxed e-con e-parent\" data-id=\"21ef7b5\" data-element_type=\"container\">\n\t\t\t\t\t<div class=\"e-con-inner\">\n\t\t<div class=\"elementor-element elementor-element-d96880d e-con-full e-flex e-con e-child\" data-id=\"d96880d\" data-element_type=\"container\">\n\t\t\t\t<div class=\"elementor-element elementor-element-a097b4b elementor-widget elementor-widget-heading\" data-id=\"a097b4b\" data-element_type=\"widget\" data-widget_type=\"heading.default\">\n\t\t\t\t<div class=\"elementor-widget-container\">\n\t\t\t<style>\/*! elementor - v3.22.0 - 26-06-2024 *\/\n.elementor-heading-title{padding:0;margin:0;line-height:1}.elementor-widget-heading .elementor-heading-title[class*=elementor-size-]>a{color:inherit;font-size:inherit;line-height:inherit}.elementor-widget-heading .elementor-heading-title.elementor-size-small{font-size:15px}.elementor-widget-heading .elementor-heading-title.elementor-size-medium{font-size:19px}.elementor-widget-heading .elementor-heading-title.elementor-size-large{font-size:29px}.elementor-widget-heading .elementor-heading-title.elementor-size-xl{font-size:39px}.elementor-widget-heading .elementor-heading-title.elementor-size-xxl{font-size:59px}<\/style><h1 class=\"elementor-heading-title elementor-size-default\">Jobs<\/h1>\t\t<\/div>\n\t\t\t\t<\/div>\n\t\t\t\t<div class=\"elementor-element elementor-element-769f507 elementor-widget elementor-widget-text-editor\" data-id=\"769f507\" data-element_type=\"widget\" data-widget_type=\"text-editor.default\">\n\t\t\t\t<div class=\"elementor-widget-container\">\n\t\t\t<style>\/*! elementor - v3.22.0 - 26-06-2024 *\/\n.elementor-widget-text-editor.elementor-drop-cap-view-stacked .elementor-drop-cap{background-color:#69727d;color:#fff}.elementor-widget-text-editor.elementor-drop-cap-view-framed .elementor-drop-cap{color:#69727d;border:3px solid;background-color:transparent}.elementor-widget-text-editor:not(.elementor-drop-cap-view-default) .elementor-drop-cap{margin-top:8px}.elementor-widget-text-editor:not(.elementor-drop-cap-view-default) .elementor-drop-cap-letter{width:1em;height:1em}.elementor-widget-text-editor .elementor-drop-cap{float:left;text-align:center;line-height:1;font-size:50px}.elementor-widget-text-editor .elementor-drop-cap-letter{display:inline-block}<\/style>\t\t\t\t<p><strong>Werken bij Creaset<br \/><\/strong>Creaset maakt deel uit van de Bevizion-groep, waartoe ook Hecht, Marcel &amp; Co en Wollux behoren. Creaset is een snelgroeiend bedrijf dat actief is in de markt van visuele communicatie. <br \/>Van ontwerp tot productie, afwerking en installatie bij de klant hebben we alles onder controle, waardoor we flexibel kunnen inspelen op de eisen van onze klanten.<br \/>Samen met ons team bouwen we aan een One Stop Shop, waar ruimte is voor persoonlijke ontwikkeling en initiatief, en een constante focus op innovatie en duurzaamheid in elk facet van ons bedrijf.<\/p><p>Onze waarden:<\/p>\t\t\t\t\t\t<\/div>\n\t\t\t\t<\/div>\n\t\t\t\t<div class=\"elementor-element elementor-element-442334f elementor-icon-list--layout-traditional elementor-list-item-link-full_width elementor-widget elementor-widget-icon-list\" data-id=\"442334f\" data-element_type=\"widget\" data-widget_type=\"icon-list.default\">\n\t\t\t\t<div class=\"elementor-widget-container\">\n\t\t\t<link rel=\"stylesheet\" href=\"https:\/\/www.creaset.com\/wp-content\/plugins\/elementor\/assets\/css\/widget-icon-list.min.css\">\t\t<ul class=\"elementor-icon-list-items\">\n\t\t\t\t\t\t\t<li class=\"elementor-icon-list-item\">\n\t\t\t\t\t\t\t\t\t\t\t<span class=\"elementor-icon-list-icon\">\n\t\t\t\t\t\t\t<svg aria-hidden=\"true\" class=\"e-font-icon-svg e-fas-arrow-right\" viewbox=\"0 0 448 512\" xmlns=\"http:\/\/www.w3.org\/2000\/svg\"><path d=\"M190.5 66.9l22.2-22.2c9.4-9.4 24.6-9.4 33.9 0L441 239c9.4 9.4 9.4 24.6 0 33.9L246.6 467.3c-9.4 9.4-24.6 9.4-33.9 0l-22.2-22.2c-9.5-9.5-9.3-25 .4-34.3L311.4 296H24c-13.3 0-24-10.7-24-24v-32c0-13.3 10.7-24 24-24h287.4L190.9 101.2c-9.8-9.3-10-24.8-.4-34.3z\"><\/path><\/svg>\t\t\t\t\t\t<\/span>\n\t\t\t\t\t\t\t\t\t\t<span class=\"elementor-icon-list-text\">Creativiteit<\/span>\n\t\t\t\t\t\t\t\t\t<\/li>\n\t\t\t\t\t\t\t\t<li class=\"elementor-icon-list-item\">\n\t\t\t\t\t\t\t\t\t\t\t<span class=\"elementor-icon-list-icon\">\n\t\t\t\t\t\t\t<svg aria-hidden=\"true\" class=\"e-font-icon-svg e-fas-arrow-right\" viewbox=\"0 0 448 512\" xmlns=\"http:\/\/www.w3.org\/2000\/svg\"><path d=\"M190.5 66.9l22.2-22.2c9.4-9.4 24.6-9.4 33.9 0L441 239c9.4 9.4 9.4 24.6 0 33.9L246.6 467.3c-9.4 9.4-24.6 9.4-33.9 0l-22.2-22.2c-9.5-9.5-9.3-25 .4-34.3L311.4 296H24c-13.3 0-24-10.7-24-24v-32c0-13.3 10.7-24 24-24h287.4L190.9 101.2c-9.8-9.3-10-24.8-.4-34.3z\"><\/path><\/svg>\t\t\t\t\t\t<\/span>\n\t\t\t\t\t\t\t\t\t\t<span class=\"elementor-icon-list-text\">Dynamiek<\/span>\n\t\t\t\t\t\t\t\t\t<\/li>\n\t\t\t\t\t\t\t\t<li class=\"elementor-icon-list-item\">\n\t\t\t\t\t\t\t\t\t\t\t<span class=\"elementor-icon-list-icon\">\n\t\t\t\t\t\t\t<svg aria-hidden=\"true\" class=\"e-font-icon-svg e-fas-arrow-right\" viewbox=\"0 0 448 512\" xmlns=\"http:\/\/www.w3.org\/2000\/svg\"><path d=\"M190.5 66.9l22.2-22.2c9.4-9.4 24.6-9.4 33.9 0L441 239c9.4 9.4 9.4 24.6 0 33.9L246.6 467.3c-9.4 9.4-24.6 9.4-33.9 0l-22.2-22.2c-9.5-9.5-9.3-25 .4-34.3L311.4 296H24c-13.3 0-24-10.7-24-24v-32c0-13.3 10.7-24 24-24h287.4L190.9 101.2c-9.8-9.3-10-24.8-.4-34.3z\"><\/path><\/svg>\t\t\t\t\t\t<\/span>\n\t\t\t\t\t\t\t\t\t\t<span class=\"elementor-icon-list-text\">Passie<\/span>\n\t\t\t\t\t\t\t\t\t<\/li>\n\t\t\t\t\t\t\t\t<li class=\"elementor-icon-list-item\">\n\t\t\t\t\t\t\t\t\t\t\t<span class=\"elementor-icon-list-icon\">\n\t\t\t\t\t\t\t<svg aria-hidden=\"true\" class=\"e-font-icon-svg e-fas-arrow-right\" viewbox=\"0 0 448 512\" xmlns=\"http:\/\/www.w3.org\/2000\/svg\"><path d=\"M190.5 66.9l22.2-22.2c9.4-9.4 24.6-9.4 33.9 0L441 239c9.4 9.4 9.4 24.6 0 33.9L246.6 467.3c-9.4 9.4-24.6 9.4-33.9 0l-22.2-22.2c-9.5-9.5-9.3-25 .4-34.3L311.4 296H24c-13.3 0-24-10.7-24-24v-32c0-13.3 10.7-24 24-24h287.4L190.9 101.2c-9.8-9.3-10-24.8-.4-34.3z\"><\/path><\/svg>\t\t\t\t\t\t<\/span>\n\t\t\t\t\t\t\t\t\t\t<span class=\"elementor-icon-list-text\">Plezier<\/span>\n\t\t\t\t\t\t\t\t\t<\/li>\n\t\t\t\t\t\t<\/ul>\n\t\t\t\t<\/div>\n\t\t\t\t<\/div>\n\t\t\t\t<div class=\"elementor-element elementor-element-4497ba4 elementor-widget elementor-widget-text-editor\" data-id=\"4497ba4\" data-element_type=\"widget\" data-widget_type=\"text-editor.default\">\n\t\t\t\t<div class=\"elementor-widget-container\">\n\t\t\t\t\t\t\t<p><span style=\"text-align: var(--text-align); color: var( --e-global-color-secondary );\">Nieuwe vacatures worden op deze pagina gepubliceerd. Aarzel in de tussentijd niet om spontaan te solliciteren via info@creaset.com<\/span><\/p>\t\t\t\t\t\t<\/div>\n\t\t\t\t<\/div>\n\t\t\t\t<div class=\"elementor-element elementor-element-017d21c elementor-grid-1 elementor-grid-tablet-2 elementor-grid-mobile-1 elementor-widget elementor-widget-loop-grid\" data-id=\"017d21c\" data-element_type=\"widget\" data-settings=\"{&quot;template_id&quot;:&quot;410&quot;,&quot;columns&quot;:1,&quot;row_gap&quot;:{&quot;unit&quot;:&quot;px&quot;,&quot;size&quot;:25,&quot;sizes&quot;:[]},&quot;_skin&quot;:&quot;post&quot;,&quot;columns_tablet&quot;:&quot;2&quot;,&quot;columns_mobile&quot;:&quot;1&quot;,&quot;edit_handle_selector&quot;:&quot;[data-elementor-type=\\&quot;loop-item\\&quot;]&quot;,&quot;row_gap_tablet&quot;:{&quot;unit&quot;:&quot;px&quot;,&quot;size&quot;:&quot;&quot;,&quot;sizes&quot;:[]},&quot;row_gap_mobile&quot;:{&quot;unit&quot;:&quot;px&quot;,&quot;size&quot;:&quot;&quot;,&quot;sizes&quot;:[]}}\" data-widget_type=\"loop-grid.post\">\n\t\t\t\t<div class=\"elementor-widget-container\">\n\t\t\t<link rel=\"stylesheet\" href=\"https:\/\/www.creaset.com\/wp-content\/plugins\/elementor-pro\/assets\/css\/widget-loop-builder.min.css\">\t\t<div class=\"elementor-loop-container elementor-grid\">\n\t\t<style id=\"loop-dynamic-410\">.e-loop-item-3213 .elementor-element.elementor-element-c59201a:not(.elementor-motion-effects-element-type-background), .e-loop-item-3213 .elementor-element.elementor-element-c59201a > .elementor-motion-effects-container > .elementor-motion-effects-layer{background-image:url(\"https:\/\/www.creaset.com\/wp-content\/uploads\/2024\/07\/Job_Creaset.jpg\");}<\/style><style id=\"loop-410\">.elementor-410 .elementor-element.elementor-element-6a7ba6c{--display:flex;--flex-direction:row;--container-widget-width:initial;--container-widget-height:100%;--container-widget-flex-grow:1;--container-widget-align-self:stretch;--flex-wrap-mobile:wrap;--gap:0px 0px;--background-transition:0.3s;}.elementor-410 .elementor-element.elementor-element-c59201a{--display:flex;--flex-direction:column;--container-widget-width:100%;--container-widget-height:initial;--container-widget-flex-grow:0;--container-widget-align-self:initial;--flex-wrap-mobile:wrap;--background-transition:0.3s;}.elementor-410 .elementor-element.elementor-element-c59201a:not(.elementor-motion-effects-element-type-background), .elementor-410 .elementor-element.elementor-element-c59201a > .elementor-motion-effects-container > .elementor-motion-effects-layer{background-position:center center;background-size:cover;}.elementor-410 .elementor-element.elementor-element-c59201a, .elementor-410 .elementor-element.elementor-element-c59201a::before{--border-transition:0.3s;}.elementor-410 .elementor-element.elementor-element-885ba24{--display:flex;--min-height:250px;--background-transition:0.3s;--padding-top:30px;--padding-bottom:30px;--padding-left:30px;--padding-right:30px;}.elementor-410 .elementor-element.elementor-element-885ba24:not(.elementor-motion-effects-element-type-background), .elementor-410 .elementor-element.elementor-element-885ba24 > .elementor-motion-effects-container > .elementor-motion-effects-layer{background-color:#F7F7F7;}.elementor-410 .elementor-element.elementor-element-885ba24, .elementor-410 .elementor-element.elementor-element-885ba24::before{--border-transition:0.3s;}.elementor-410 .elementor-element.elementor-element-4dc65f12{text-align:left;}.elementor-410 .elementor-element.elementor-element-2fda0068 .elementor-button{fill:var( --e-global-color-accent );color:var( --e-global-color-accent );background-color:#02010100;padding:0px 7px 5px 0px;}.elementor-410 .elementor-element.elementor-element-2fda0068 .elementor-button:hover, .elementor-410 .elementor-element.elementor-element-2fda0068 .elementor-button:focus{color:var( --e-global-color-primary );}.elementor-410 .elementor-element.elementor-element-2fda0068 .elementor-button:hover svg, .elementor-410 .elementor-element.elementor-element-2fda0068 .elementor-button:focus svg{fill:var( --e-global-color-primary );}@media(min-width:768px){.elementor-410 .elementor-element.elementor-element-c59201a{--width:33.3333%;}}<\/style>\t\t<div data-elementor-type=\"loop-item\" data-elementor-id=\"410\" class=\"elementor elementor-410 e-loop-item e-loop-item-3213 post-3213 vacature type-vacature status-publish has-post-thumbnail hentry\" data-elementor-post-type=\"elementor_library\" data-custom-edit-handle=\"1\">\n\t\t\t<div class=\"elementor-element elementor-element-6a7ba6c e-flex e-con-boxed e-con e-parent\" data-id=\"6a7ba6c\" data-element_type=\"container\">\n\t\t\t\t\t<div class=\"e-con-inner\">\n\t\t<div class=\"elementor-element elementor-element-c59201a e-con-full e-flex e-con e-child\" data-id=\"c59201a\" data-element_type=\"container\" data-settings=\"{&quot;background_background&quot;:&quot;classic&quot;}\">\n\t\t\t\t<\/div>\n\t\t<div class=\"elementor-element elementor-element-885ba24 e-flex e-con-boxed e-con e-child\" data-id=\"885ba24\" data-element_type=\"container\" data-settings=\"{&quot;background_background&quot;:&quot;classic&quot;}\">\n\t\t\t\t\t<div class=\"e-con-inner\">\n\t\t\t\t<div class=\"elementor-element elementor-element-4dc65f12 elementor-widget elementor-widget-theme-post-title elementor-page-title elementor-widget-heading\" data-id=\"4dc65f12\" data-element_type=\"widget\" data-widget_type=\"theme-post-title.default\">\n\t\t\t\t<div class=\"elementor-widget-container\">\n\t\t\t<h4 class=\"elementor-heading-title elementor-size-default\"><a href=\"https:\/\/www.creaset.com\/nl\/vacature\/accountmanager-buitendienst\/\">National Account Manager<\/a><\/h4>\t\t<\/div>\n\t\t\t\t<\/div>\n\t\t\t\t<div class=\"elementor-element elementor-element-2fda0068 elementor-widget elementor-widget-button\" data-id=\"2fda0068\" data-element_type=\"widget\" data-widget_type=\"button.default\">\n\t\t\t\t<div class=\"elementor-widget-container\">\n\t\t\t\t\t<div class=\"elementor-button-wrapper\">\n\t\t\t<a class=\"elementor-button elementor-button-link elementor-size-sm\" href=\"https:\/\/www.creaset.com\/nl\/vacature\/accountmanager-buitendienst\/\">\n\t\t\t\t\t\t<span class=\"elementor-button-content-wrapper\">\n\t\t\t\t\t\t\t\t\t<span class=\"elementor-button-text\">Meer info<\/span>\n\t\t\t\t\t<\/span>\n\t\t\t\t\t<\/a>\n\t\t<\/div>\n\t\t\t\t<\/div>\n\t\t\t\t<\/div>\n\t\t\t\t\t<\/div>\n\t\t\t\t<\/div>\n\t\t\t\t\t<\/div>\n\t\t\t\t<\/div>\n\t\t\t\t<\/div>\n\t\t\t\t<\/div>\n\t\t\n\t\t\t\t<\/div>\n\t\t\t\t<\/div>\n\t\t\t\t<\/div>\n\t\t\t\t\t<\/div>\n\t\t\t\t<\/div>\n\t\t\t\t<\/div>","protected":false},"excerpt":{"rendered":"<p>Travailler chez CreasetCreaset fait partie du groupe Bevizion dont les soci\u00e9t\u00e9s Hecht, Marcel &amp; Co et Wollux font \u00e9galement partie. Creaset est une entreprise en pleine croissance qui op\u00e8re sur le march\u00e9 de la communication visuelle. De la conception \u00e0 la production, en passant par la finition et l&rsquo;installation sur le site du client, nous [&hellip;]<\/p>","protected":false},"author":4,"featured_media":0,"parent":0,"menu_order":7,"comment_status":"closed","ping_status":"closed","template":"elementor_header_footer","meta":{"_acf_changed":false,"footnotes":""},"class_list":["post-50","page","type-page","status-publish","hentry"],"acf":[],"yoast_head":"<!-- This site is optimized with the Yoast SEO plugin v22.8 - https:\/\/yoast.com\/wordpress\/plugins\/seo\/ -->\n<title>Jobs - Cr\u00e9aset<\/title>\n<meta name=\"description\" content=\"Jobs au sein de Cr\u00e9aset, consultez les offres d&#039;emploi pour voir les profils que nous recherchons afin de rejoindre notre \u00e9quipe !\" \/>\n<meta name=\"robots\" content=\"index, follow, max-snippet:-1, max-image-preview:large, max-video-preview:-1\" \/>\n<link rel=\"canonical\" href=\"https:\/\/www.creaset.com\/nl\/jobs\/\" \/>\n<meta property=\"og:locale\" content=\"nl_BE\" \/>\n<meta property=\"og:type\" content=\"article\" \/>\n<meta property=\"og:title\" content=\"Jobs - Cr\u00e9aset\" \/>\n<meta property=\"og:description\" content=\"Jobs au sein de Cr\u00e9aset, consultez les offres d&#039;emploi pour voir les profils que nous recherchons afin de rejoindre notre \u00e9quipe !\" \/>\n<meta property=\"og:url\" content=\"https:\/\/www.creaset.com\/nl\/jobs\/\" \/>\n<meta property=\"og:site_name\" content=\"Cr\u00e9aset\" \/>\n<meta property=\"article:publisher\" content=\"https:\/\/www.facebook.com\/creaset\" \/>\n<meta property=\"article:modified_time\" content=\"2024-05-17T09:40:00+00:00\" \/>\n<meta name=\"twitter:card\" content=\"summary_large_image\" \/>\n<meta name=\"twitter:site\" content=\"@Creaset\" \/>\n<meta name=\"twitter:label1\" content=\"Geschatte leestijd\" \/>\n\t<meta name=\"twitter:data1\" content=\"1 minuut\" \/>\n<script type=\"application\/ld+json\" class=\"yoast-schema-graph\">{\"@context\":\"https:\/\/schema.org\",\"@graph\":[{\"@type\":\"WebPage\",\"@id\":\"https:\/\/www.creaset.com\/jobs\/\",\"url\":\"https:\/\/www.creaset.com\/jobs\/\",\"name\":\"Jobs - Cr\u00e9aset\",\"isPartOf\":{\"@id\":\"https:\/\/www.creaset.com\/#website\"},\"datePublished\":\"2023-05-31T08:40:43+00:00\",\"dateModified\":\"2024-05-17T09:40:00+00:00\",\"description\":\"Jobs au sein de Cr\u00e9aset, consultez les offres d'emploi pour voir les profils que nous recherchons afin de rejoindre notre \u00e9quipe !\",\"breadcrumb\":{\"@id\":\"https:\/\/www.creaset.com\/jobs\/#breadcrumb\"},\"inLanguage\":\"nl-BE\",\"potentialAction\":[{\"@type\":\"ReadAction\",\"target\":[\"https:\/\/www.creaset.com\/jobs\/\"]}]},{\"@type\":\"BreadcrumbList\",\"@id\":\"https:\/\/www.creaset.com\/jobs\/#breadcrumb\",\"itemListElement\":[{\"@type\":\"ListItem\",\"position\":1,\"name\":\"Home\",\"item\":\"https:\/\/www.creaset.com\/\"},{\"@type\":\"ListItem\",\"position\":2,\"name\":\"Jobs\"}]},{\"@type\":\"WebSite\",\"@id\":\"https:\/\/www.creaset.com\/#website\",\"url\":\"https:\/\/www.creaset.com\/\",\"name\":\"Cr\u00e9aset\",\"description\":\"The Art Of Visibility\",\"publisher\":{\"@id\":\"https:\/\/www.creaset.com\/#organization\"},\"potentialAction\":[{\"@type\":\"SearchAction\",\"target\":{\"@type\":\"EntryPoint\",\"urlTemplate\":\"https:\/\/www.creaset.com\/?s={search_term_string}\"},\"query-input\":\"required name=search_term_string\"}],\"inLanguage\":\"nl-BE\"},{\"@type\":\"Organization\",\"@id\":\"https:\/\/www.creaset.com\/#organization\",\"name\":\"Cr\u00e9aset\",\"url\":\"https:\/\/www.creaset.com\/\",\"logo\":{\"@type\":\"ImageObject\",\"inLanguage\":\"nl-BE\",\"@id\":\"https:\/\/www.creaset.com\/#\/schema\/logo\/image\/\",\"url\":\"https:\/\/www.creaset.com\/wp-content\/uploads\/2026\/03\/Logo_creaset_WithoutBaseline.png\",\"contentUrl\":\"https:\/\/www.creaset.com\/wp-content\/uploads\/2026\/03\/Logo_creaset_WithoutBaseline.png\",\"width\":1051,\"height\":358,\"caption\":\"Cr\u00e9aset\"},\"image\":{\"@id\":\"https:\/\/www.creaset.com\/#\/schema\/logo\/image\/\"},\"sameAs\":[\"https:\/\/www.facebook.com\/creaset\",\"https:\/\/x.com\/Creaset\"]}]}<\/script>\n<!-- \/ Yoast SEO plugin. -->","yoast_head_json":{"title":"Jobs - Cr\u00e9aset","description":"Jobs au sein de Cr\u00e9aset, consultez les offres d'emploi pour voir les profils que nous recherchons afin de rejoindre notre \u00e9quipe !","robots":{"index":"index","follow":"follow","max-snippet":"max-snippet:-1","max-image-preview":"max-image-preview:large","max-video-preview":"max-video-preview:-1"},"canonical":"https:\/\/www.creaset.com\/nl\/jobs\/","og_locale":"nl_BE","og_type":"article","og_title":"Jobs - Cr\u00e9aset","og_description":"Jobs au sein de Cr\u00e9aset, consultez les offres d'emploi pour voir les profils que nous recherchons afin de rejoindre notre \u00e9quipe !","og_url":"https:\/\/www.creaset.com\/nl\/jobs\/","og_site_name":"Cr\u00e9aset","article_publisher":"https:\/\/www.facebook.com\/creaset","article_modified_time":"2024-05-17T09:40:00+00:00","twitter_card":"summary_large_image","twitter_site":"@Creaset","twitter_misc":{"Geschatte leestijd":"1 minuut"},"schema":{"@context":"https:\/\/schema.org","@graph":[{"@type":"WebPage","@id":"https:\/\/www.creaset.com\/jobs\/","url":"https:\/\/www.creaset.com\/jobs\/","name":"Jobs - Cr\u00e9aset","isPartOf":{"@id":"https:\/\/www.creaset.com\/#website"},"datePublished":"2023-05-31T08:40:43+00:00","dateModified":"2024-05-17T09:40:00+00:00","description":"Jobs au sein de Cr\u00e9aset, consultez les offres d'emploi pour voir les profils que nous recherchons afin de rejoindre notre \u00e9quipe !","breadcrumb":{"@id":"https:\/\/www.creaset.com\/jobs\/#breadcrumb"},"inLanguage":"nl-BE","potentialAction":[{"@type":"ReadAction","target":["https:\/\/www.creaset.com\/jobs\/"]}]},{"@type":"BreadcrumbList","@id":"https:\/\/www.creaset.com\/jobs\/#breadcrumb","itemListElement":[{"@type":"ListItem","position":1,"name":"Home","item":"https:\/\/www.creaset.com\/"},{"@type":"ListItem","position":2,"name":"Jobs"}]},{"@type":"WebSite","@id":"https:\/\/www.creaset.com\/#website","url":"https:\/\/www.creaset.com\/","name":"Cr\u00e9aset","description":"The Art Of Visibility","publisher":{"@id":"https:\/\/www.creaset.com\/#organization"},"potentialAction":[{"@type":"SearchAction","target":{"@type":"EntryPoint","urlTemplate":"https:\/\/www.creaset.com\/?s={search_term_string}"},"query-input":"required name=search_term_string"}],"inLanguage":"nl-BE"},{"@type":"Organization","@id":"https:\/\/www.creaset.com\/#organization","name":"Cr\u00e9aset","url":"https:\/\/www.creaset.com\/","logo":{"@type":"ImageObject","inLanguage":"nl-BE","@id":"https:\/\/www.creaset.com\/#\/schema\/logo\/image\/","url":"https:\/\/www.creaset.com\/wp-content\/uploads\/2026\/03\/Logo_creaset_WithoutBaseline.png","contentUrl":"https:\/\/www.creaset.com\/wp-content\/uploads\/2026\/03\/Logo_creaset_WithoutBaseline.png","width":1051,"height":358,"caption":"Cr\u00e9aset"},"image":{"@id":"https:\/\/www.creaset.com\/#\/schema\/logo\/image\/"},"sameAs":["https:\/\/www.facebook.com\/creaset","https:\/\/x.com\/Creaset"]}]}},"_links":{"self":[{"href":"https:\/\/www.creaset.com\/nl\/wp-json\/wp\/v2\/pages\/50","targetHints":{"allow":["GET"]}}],"collection":[{"href":"https:\/\/www.creaset.com\/nl\/wp-json\/wp\/v2\/pages"}],"about":[{"href":"https:\/\/www.creaset.com\/nl\/wp-json\/wp\/v2\/types\/page"}],"author":[{"embeddable":true,"href":"https:\/\/www.creaset.com\/nl\/wp-json\/wp\/v2\/users\/4"}],"replies":[{"embeddable":true,"href":"https:\/\/www.creaset.com\/nl\/wp-json\/wp\/v2\/comments?post=50"}],"version-history":[{"count":24,"href":"https:\/\/www.creaset.com\/nl\/wp-json\/wp\/v2\/pages\/50\/revisions"}],"predecessor-version":[{"id":3116,"href":"https:\/\/www.creaset.com\/nl\/wp-json\/wp\/v2\/pages\/50\/revisions\/3116"}],"wp:attachment":[{"href":"https:\/\/www.creaset.com\/nl\/wp-json\/wp\/v2\/media?parent=50"}],"curies":[{"name":"wp","href":"https:\/\/api.w.org\/{rel}","templated":true}]}}